{"id":612,"date":"2016-03-07T03:11:04","date_gmt":"2016-03-07T03:11:04","guid":{"rendered":"https:\/\/gaviaspreview.com\/wp\/winnex\/?page_id=612"},"modified":"2025-11-11T19:04:59","modified_gmt":"2025-11-11T19:04:59","slug":"biz-kimiz","status":"publish","type":"page","link":"https:\/\/trifolium.com.tr\/?page_id=612","title":{"rendered":"Biz Kimiz"},"content":{"rendered":"<div class=\"wpb-content-wrapper\"><p>[vc_row row_space=&#8221;remove_padding&#8221; isfullwidth=&#8221;&#8221; css=&#8221;.vc_custom_1539588804561{padding-bottom: 20px !important;}&#8221;][vc_column][gva_block_heading title=&#8221;Firmam\u0131z&#8221; style=&#8221;style-2&#8243; align=&#8221;align-left&#8221;][vc_column_text css=&#8221;&#8221;]<\/p>\n<p data-start=\"169\" data-end=\"460\"><strong data-start=\"169\" data-end=\"183\">Trifolium\u00ae<\/strong>, \u00c7in\u2019de \u00fcretim yapan partner fabrikam\u0131z\u0131n T\u00fcrkiye\u2019deki resmi deposu olarak faaliyet g\u00f6stermektedir. <em data-start=\"284\" data-end=\"327\">Low Melt Fiber (D\u00fc\u015f\u00fck Is\u0131da Eriyen Elyaf)<\/em>, <em data-start=\"329\" data-end=\"373\">Hot Melt Fiber (Y\u00fcksek Is\u0131da Eriyen Elyaf)<\/em> ve <em data-start=\"377\" data-end=\"419\">Low Melt Yarn (D\u00fc\u015f\u00fck Is\u0131da Eriyen \u0130plik)<\/em> \u00fcr\u00fcn gruplar\u0131nda uzmanla\u015fm\u0131\u015f durumday\u0131z.<\/p>\n<p data-start=\"462\" data-end=\"744\">\u0130zmir\u2019deki depo ve da\u011f\u0131t\u0131m altyap\u0131m\u0131z sayesinde T\u00fcrkiye genelindeki nonwoven \u00fcreticilerine h\u0131zl\u0131, g\u00fcvenilir ve teknik destekle birlikte \u00fcr\u00fcn temini sa\u011fl\u0131yoruz. \u00dcr\u00fcnlerimiz \u00f6zellikle yatak, yorgan, otomotiv tekstili, ke\u00e7e ve filtrasyon sekt\u00f6rlerinde yo\u011fun olarak tercih edilmektedir.<\/p>\n<p data-start=\"746\" data-end=\"934\"><strong data-start=\"746\" data-end=\"760\">Trifolium\u00ae<\/strong>, yaln\u0131zca \u00fcr\u00fcn de\u011fil, \u00e7\u00f6z\u00fcm de sunar. Teknik bilgi birikimimiz, saha deneyimimiz ve s\u00fcrd\u00fcr\u00fclebilir tedarik modelimiz ile m\u00fc\u015fterilerimizin \u00fcretim s\u00fcre\u00e7lerine de\u011fer kat\u0131yoruz.<\/p>\n<p data-start=\"936\" data-end=\"1029\">Biz, kaliteyi sadece \u00fcretimde de\u011fil, ileti\u015fimde ve hizmette de \u00f6ncelik kabul eden bir ekibiz.<\/p>\n<p>[\/vc_column_text][vc_single_image image=&#8221;3911&#8243; img_size=&#8221;full&#8221; alignment=&#8221;center&#8221; style=&#8221;vc_box_rounded&#8221; css=&#8221;.vc_custom_1762886920520{padding-top: 20px !important;padding-bottom: 20px !important;}&#8221;][\/vc_column][\/vc_row][vc_row row_space=&#8221;remove_padding&#8221;][vc_column][vc_row_inner][vc_column_inner][gva_block_heading title=&#8221;Neden Trifolium?&#8221; style=&#8221;style-2&#8243; align=&#8221;align-left&#8221; desc=&#8221;T\u00fcrkiye&#8217;deki nonwoven \u00fcreticilerine \u00f6zel olarak, d\u00fc\u015f\u00fck \u0131s\u0131da eriyen elyaf (low melt fiber), y\u00fcksek \u0131s\u0131da eriyen elyaf (hot melt fiber) ve d\u00fc\u015f\u00fck \u0131s\u0131da eriyen iplik (low melt yarn) \u00e7\u00f6z\u00fcmleri sunuyoruz. \u00c7in\u2019deki \u00fcretici orta\u011f\u0131m\u0131zdan do\u011frudan tedarik edilen \u00fcr\u00fcnleri, T\u00fcrkiye\u2019deki depomuz arac\u0131l\u0131\u011f\u0131yla h\u0131zl\u0131 ve milli da\u011f\u0131t\u0131m a\u011f\u0131yla sizlere ula\u015ft\u0131r\u0131yoruz. Trifolium olarak esnek, h\u0131zl\u0131 ve g\u00fcvenilir bir hizmet sunmay\u0131 \u00f6nceli\u011fimiz haline getiriyoruz. Do\u011fru \u00fcr\u00fcn, zaman\u0131nda teslimat ve g\u00fc\u00e7l\u00fc stok deste\u011fimizle i\u015f ortaklar\u0131m\u0131z\u0131n her zaman yan\u0131nday\u0131z.&#8221;][\/vc_column_inner][\/vc_row_inner][vc_row_inner][vc_column_inner width=&#8221;1\/2&#8243;][gva_icon_box title=&#8221;G\u00fc\u00e7l\u00fc \u00dcretici \u0130\u015f Birli\u011fi&#8221; description=&#8221;\u00c7in\u2019deki \u00fcretici partnerimizin T\u00fcrkiye deposu olarak, m\u00fc\u015fterilerimize do\u011frudan ve g\u00fcvenilir tedarik sa\u011fl\u0131yoruz.&#8221; icon_position=&#8221;left&#8221; icon_width=&#8221;fa-3x&#8221; margin_bottom=&#8221;margin-bottom-2&#8243; image=&#8221;3494&#8243;][\/vc_column_inner][vc_column_inner width=&#8221;1\/2&#8243;][gva_icon_box title=&#8221;Depomuz Hep Sizinle Yak\u0131n&#8221; description=&#8221;\u0130zmir\u2019deki yerel stok g\u00fcc\u00fcm\u00fcz sayesinde, ihtiya\u00e7lar\u0131n\u0131za an\u0131nda cevap veriyor, zaman kazand\u0131r\u0131yoruz.&#8221; icon_position=&#8221;left&#8221; icon_width=&#8221;fa-3x&#8221; margin_bottom=&#8221;margin-bottom-2&#8243; image=&#8221;3495&#8243;][\/vc_column_inner][\/vc_row_inner][vc_row_inner][vc_column_inner width=&#8221;1\/2&#8243;][gva_icon_box title=&#8221;Sekt\u00f6r\u00fc Bilen Bir Ekip&#8221; description=&#8221;Nonwoven ve teknik tekstil alan\u0131nda deneyimli ekibimizle \u00e7\u00f6z\u00fcm odakl\u0131 destek sunuyoruz.&#8221; icon_position=&#8221;left&#8221; icon_width=&#8221;fa-3x&#8221; margin_bottom=&#8221;margin-bottom-2&#8243; image=&#8221;3496&#8243;][\/vc_column_inner][vc_column_inner width=&#8221;1\/2&#8243;][gva_icon_box title=&#8221;Kaliteyi Belgelerle Sunuyoruz&#8221; description=&#8221;Belgeli \u00fcretim altyap\u0131m\u0131z ve y\u00fcksek kalite kontrol\u00fcm\u00fczle daima s\u00fcrd\u00fcr\u00fclebilir \u00fcr\u00fcnler sunuyoruz.&#8221; icon_position=&#8221;left&#8221; icon_width=&#8221;fa-3x&#8221; margin_bottom=&#8221;margin-bottom-2&#8243; image=&#8221;3497&#8243;][\/vc_column_inner][\/vc_row_inner][\/vc_column][\/vc_row]<\/p>\n<\/div>","protected":false},"excerpt":{"rendered":"<p>[vc_row row_space=&#8221;remove_padding&#8221; isfullwidth=&#8221;&#8221; css=&#8221;.vc_custom_1539588804561{padding-bottom: 20px !important;}&#8221;][vc_column][gva_block_heading title=&#8221;Firmam\u0131z&#8221; style=&#8221;style-2&#8243; align=&#8221;align-left&#8221;][vc_column_text css=&#8221;&#8221;] Trifolium\u00ae, \u00c7in\u2019de \u00fcretim yapan partner fabrikam\u0131z\u0131n T\u00fcrkiye\u2019deki resmi deposu olarak faaliyet g\u00f6stermektedir. Low Melt Fiber (D\u00fc\u015f\u00fck Is\u0131da Eriyen Elyaf), Hot Melt Fiber (Y\u00fcksek Is\u0131da Eriyen Elyaf) ve Low Melt Yarn (D\u00fc\u015f\u00fck Is\u0131da Eriyen \u0130plik) \u00fcr\u00fcn gruplar\u0131nda uzmanla\u015fm\u0131\u015f durumday\u0131z. \u0130zmir\u2019deki depo ve da\u011f\u0131t\u0131m altyap\u0131m\u0131z sayesinde T\u00fcrkiye [&hellip;]<\/p>\n","protected":false},"author":1,"featured_media":0,"parent":0,"menu_order":0,"comment_status":"closed","ping_status":"closed","template":"","meta":{"footnotes":""},"class_list":["post-612","page","type-page","status-publish","hentry"],"_links":{"self":[{"href":"https:\/\/trifolium.com.tr\/index.php?rest_route=\/wp\/v2\/pages\/612","targetHints":{"allow":["GET"]}}],"collection":[{"href":"https:\/\/trifolium.com.tr\/index.php?rest_route=\/wp\/v2\/pages"}],"about":[{"href":"https:\/\/trifolium.com.tr\/index.php?rest_route=\/wp\/v2\/types\/page"}],"author":[{"embeddable":true,"href":"https:\/\/trifolium.com.tr\/index.php?rest_route=\/wp\/v2\/users\/1"}],"replies":[{"embeddable":true,"href":"https:\/\/trifolium.com.tr\/index.php?rest_route=%2Fwp%2Fv2%2Fcomments&post=612"}],"version-history":[{"count":6,"href":"https:\/\/trifolium.com.tr\/index.php?rest_route=\/wp\/v2\/pages\/612\/revisions"}],"predecessor-version":[{"id":3912,"href":"https:\/\/trifolium.com.tr\/index.php?rest_route=\/wp\/v2\/pages\/612\/revisions\/3912"}],"wp:attachment":[{"href":"https:\/\/trifolium.com.tr\/index.php?rest_route=%2Fwp%2Fv2%2Fmedia&parent=612"}],"curies":[{"name":"wp","href":"https:\/\/api.w.org\/{rel}","templated":true}]}}