{"id":610,"date":"2016-03-07T03:10:46","date_gmt":"2016-03-07T03:10:46","guid":{"rendered":"https:\/\/gaviaspreview.com\/wp\/winnex\/?page_id=610"},"modified":"2026-01-26T14:01:53","modified_gmt":"2026-01-26T14:01:53","slug":"bize-ulasin","status":"publish","type":"page","link":"https:\/\/trifolium.com.tr\/?page_id=610","title":{"rendered":"Bize Ula\u015f\u0131n"},"content":{"rendered":"<div class=\"wpb-content-wrapper\"><p>[vc_row row_space=&#8221;remove_padding&#8221;][vc_column width=&#8221;2\/3&#8243;]\n<div class=\"wpcf7 no-js\" id=\"wpcf7-f236-o1\" lang=\"en-US\" dir=\"ltr\" data-wpcf7-id=\"236\">\n<div class=\"screen-reader-response\"><p role=\"status\" aria-live=\"polite\" aria-atomic=\"true\"><\/p> <ul><\/ul><\/div>\n<form action=\"\/index.php?rest_route=%2Fwp%2Fv2%2Fpages%2F610#wpcf7-f236-o1\" method=\"post\" class=\"wpcf7-form init\" aria-label=\"Contact form\" novalidate=\"novalidate\" data-status=\"init\">\n<fieldset class=\"hidden-fields-container\"><input type=\"hidden\" name=\"_wpcf7\" value=\"236\" \/><input type=\"hidden\" name=\"_wpcf7_version\" value=\"6.1.3\" \/><input type=\"hidden\" name=\"_wpcf7_locale\" value=\"en_US\" \/><input type=\"hidden\" name=\"_wpcf7_unit_tag\" value=\"wpcf7-f236-o1\" \/><input type=\"hidden\" name=\"_wpcf7_container_post\" value=\"0\" \/><input type=\"hidden\" name=\"_wpcf7_posted_data_hash\" value=\"\" \/>\n<\/fieldset>\n<div class=\"contact-feedback-form\">\n\t<div class=\"row\">\n\t\t<div class=\"col-sm-4 col-xs-12\">\n\t\t\t<p><span class=\"wpcf7-form-control-wrap\" data-name=\"your-name\"><input size=\"40\" maxlength=\"400\" class=\"wpcf7-form-control wpcf7-text wpcf7-validates-as-required\" aria-required=\"true\" aria-invalid=\"false\" placeholder=\"Ad\u0131n\u0131z *\" value=\"\" type=\"text\" name=\"your-name\" \/><\/span>\n\t\t\t<\/p>\n\t\t<\/div>\n\t\t<div class=\"col-sm-4 col-xs-12\">\n\t\t\t<p><span class=\"wpcf7-form-control-wrap\" data-name=\"your-email\"><input size=\"40\" maxlength=\"400\" class=\"wpcf7-form-control wpcf7-email wpcf7-validates-as-required wpcf7-text wpcf7-validates-as-email\" aria-required=\"true\" aria-invalid=\"false\" placeholder=\"E-Posta Adresiniz *\" value=\"\" type=\"email\" name=\"your-email\" \/><\/span>\n\t\t\t<\/p>\n\t\t<\/div>\n\t\t<div class=\"col-sm-4 col-xs-12\">\n\t\t\t<p><span class=\"wpcf7-form-control-wrap\" data-name=\"your-subject\"><input size=\"40\" maxlength=\"400\" class=\"wpcf7-form-control wpcf7-text\" aria-invalid=\"false\" placeholder=\"Konu\" value=\"\" type=\"text\" name=\"your-subject\" \/><\/span>\n\t\t\t<\/p>\n\t\t<\/div>\n\t<\/div>\n\t<div class=\"row\">\n\t\t<div class=\"col-xs-12\">\n\t\t\t<p><span class=\"wpcf7-form-control-wrap\" data-name=\"your-message\"><textarea cols=\"40\" rows=\"6\" maxlength=\"2000\" class=\"wpcf7-form-control wpcf7-textarea\" aria-invalid=\"false\" placeholder=\"Mesaj\u0131n\u0131z\" name=\"your-message\"><\/textarea><\/span>\n\t\t\t<\/p>\n\t\t<\/div>\n\t\t<div class=\"col-xs-12 action\">\n\t\t\t<div class=\"form-note\">\n\t\t\t\t<p><strong>Not:<\/strong> E-posta adresiniz hi\u00e7bir alanda g\u00f6sterilmeyecektir.\n\t\t\t\t<\/p>\n\t\t\t<\/div>\n\t\t\t<div class=\"form-action\">\n\t\t\t\t<p><input class=\"wpcf7-form-control wpcf7-submit has-spinner\" type=\"submit\" value=\"Mesaj\u0131n\u0131z\u0131 G\u00f6nderin\" \/>\n\t\t\t\t<\/p>\n\t\t\t<\/div>\n\t\t<\/div>\n\t<\/div>\n<\/div><div class=\"wpcf7-response-output\" aria-hidden=\"true\"><\/div>\n<\/form>\n<\/div>\n[\/vc_column][vc_column width=&#8221;1\/3&#8243;][gva_block_heading title=&#8221;TRIFOLIUM TEKSTIL MAKINA SANAYI TICARET LTD. STI.&#8221; style=&#8221;style-2&#8243; align=&#8221;align-left&#8221;][gva_contact_info photo=&#8221;954&#8243; address=&#8221;KEMALPA\u015eA OSB MAHALLES\u0130, 600 SOKAK, DI\u015e KAPI NO:335, \u0130\u00c7 KAPI NO: 5, 35730, KEMALPA\u015eA, \u0130ZM\u0130R, T\u00dcRK\u0130YE&#8221; phone=&#8221;Phone: +90 232 232 0 CLV (258)&#8221; email=&#8221;info@address.com&#8221; website=&#8221;www.trifolium.com.tr&#8221;][\/vc_column][\/vc_row][vc_row row_space=&#8221;remove_padding&#8221; isfullwidth=&#8221;0&#8243;][vc_column][vc_gmaps link=&#8221;#E-8_JTNDaWZyYW1lJTIwc3JjJTNEJTIyaHR0cHMlM0ElMkYlMkZ3d3cuZ29vZ2xlLmNvbSUyRm1hcHMlMkZlbWJlZCUzRnBiJTNEJTIxMW0xOCUyMTFtMTIlMjExbTMlMjExZDMxMjQuMjY5NDQ3ODg1OTQ1NyUyMTJkMjcuNDA0NjE0Mzc2MzI4OTQ0JTIxM2QzOC40NTgzNDAyNzI0OTA0MjUlMjEybTMlMjExZjAlMjEyZjAlMjEzZjAlMjEzbTIlMjExaTEwMjQlMjEyaTc2OCUyMTRmMTMuMSUyMTNtMyUyMTFtMiUyMTFzMHgxNGI5NzFkOTljNWNhYWNiJTI1M0EweGU2NTU4YTg1YmZkMjY1MTUlMjEyc3RyaWZvbGl1bSUyNUMyJTI1QUUlMjUyMFNhbmF5aSUyNTIwdmUlMjUyMFRpY2FyZXQlMjUyMEx0ZC4lMjUyMFN0aS4lMjE1ZTAlMjEzbTIlMjExc2VuJTIxMnN0ciUyMTR2MTc2Mjg5NDA1NDM4MiUyMTVtMiUyMTFzZW4lMjEyc3RyJTIyJTIwd2lkdGglM0QlMjI2MDAlMjIlMjBoZWlnaHQlM0QlMjI0NTAlMjIlMjBzdHlsZSUzRCUyMmJvcmRlciUzQTAlM0IlMjIlMjBhbGxvd2Z1bGxzY3JlZW4lM0QlMjIlMjIlMjBsb2FkaW5nJTNEJTIybGF6eSUyMiUyMHJlZmVycmVycG9saWN5JTNEJTIybm8tcmVmZXJyZXItd2hlbi1kb3duZ3JhZGUlMjIlM0UlM0MlMkZpZnJhbWUlM0U=&#8221; size=&#8221;450&#8243; css=&#8221;.vc_custom_1762894065972{padding-top: 50px !important;padding-bottom: 50px !important;}&#8221;][\/vc_column][\/vc_row]<\/p>\n<\/div>","protected":false},"excerpt":{"rendered":"<p>[vc_row row_space=&#8221;remove_padding&#8221;][vc_column width=&#8221;2\/3&#8243;][\/vc_column][vc_column width=&#8221;1\/3&#8243;][gva_block_heading title=&#8221;TRIFOLIUM TEKSTIL MAKINA SANAYI TICARET LTD. STI.&#8221; style=&#8221;style-2&#8243; align=&#8221;align-left&#8221;][gva_contact_info photo=&#8221;954&#8243; address=&#8221;KEMALPA\u015eA OSB MAHALLES\u0130, 600 SOKAK, DI\u015e KAPI NO:335, \u0130\u00c7 KAPI NO: 5, 35730, KEMALPA\u015eA, \u0130ZM\u0130R, T\u00dcRK\u0130YE&#8221; phone=&#8221;Phone: +90 232 232 0 CLV (258)&#8221; email=&#8221;info@address.com&#8221; website=&#8221;www.trifolium.com.tr&#8221;][\/vc_column][\/vc_row][vc_row row_space=&#8221;remove_padding&#8221; isfullwidth=&#8221;0&#8243;][vc_column][vc_gmaps link=&#8221;#E-8_JTNDaWZyYW1lJTIwc3JjJTNEJTIyaHR0cHMlM0ElMkYlMkZ3d3cuZ29vZ2xlLmNvbSUyRm1hcHMlMkZlbWJlZCUzRnBiJTNEJTIxMW0xOCUyMTFtMTIlMjExbTMlMjExZDMxMjQuMjY5NDQ3ODg1OTQ1NyUyMTJkMjcuNDA0NjE0Mzc2MzI4OTQ0JTIxM2QzOC40NTgzNDAyNzI0OTA0MjUlMjEybTMlMjExZjAlMjEyZjAlMjEzZjAlMjEzbTIlMjExaTEwMjQlMjEyaTc2OCUyMTRmMTMuMSUyMTNtMyUyMTFtMiUyMTFzMHgxNGI5NzFkOTljNWNhYWNiJTI1M0EweGU2NTU4YTg1YmZkMjY1MTUlMjEyc3RyaWZvbGl1bSUyNUMyJTI1QUUlMjUyMFNhbmF5aSUyNTIwdmUlMjUyMFRpY2FyZXQlMjUyMEx0ZC4lMjUyMFN0aS4lMjE1ZTAlMjEzbTIlMjExc2VuJTIxMnN0ciUyMTR2MTc2Mjg5NDA1NDM4MiUyMTVtMiUyMTFzZW4lMjEyc3RyJTIyJTIwd2lkdGglM0QlMjI2MDAlMjIlMjBoZWlnaHQlM0QlMjI0NTAlMjIlMjBzdHlsZSUzRCUyMmJvcmRlciUzQTAlM0IlMjIlMjBhbGxvd2Z1bGxzY3JlZW4lM0QlMjIlMjIlMjBsb2FkaW5nJTNEJTIybGF6eSUyMiUyMHJlZmVycmVycG9saWN5JTNEJTIybm8tcmVmZXJyZXItd2hlbi1kb3duZ3JhZGUlMjIlM0UlM0MlMkZpZnJhbWUlM0U=&#8221; size=&#8221;450&#8243; css=&#8221;.vc_custom_1762894065972{padding-top: 50px !important;padding-bottom: 50px !important;}&#8221;][\/vc_column][\/vc_row]<\/p>\n","protected":false},"author":1,"featured_media":0,"parent":0,"menu_order":0,"comment_status":"closed","ping_status":"closed","template":"","meta":{"footnotes":""},"class_list":["post-610","page","type-page","status-publish","hentry"],"_links":{"self":[{"href":"https:\/\/trifolium.com.tr\/index.php?rest_route=\/wp\/v2\/pages\/610","targetHints":{"allow":["GET"]}}],"collection":[{"href":"https:\/\/trifolium.com.tr\/index.php?rest_route=\/wp\/v2\/pages"}],"about":[{"href":"https:\/\/trifolium.com.tr\/index.php?rest_route=\/wp\/v2\/types\/page"}],"author":[{"embeddable":true,"href":"https:\/\/trifolium.com.tr\/index.php?rest_route=\/wp\/v2\/users\/1"}],"replies":[{"embeddable":true,"href":"https:\/\/trifolium.com.tr\/index.php?rest_route=%2Fwp%2Fv2%2Fcomments&post=610"}],"version-history":[{"count":4,"href":"https:\/\/trifolium.com.tr\/index.php?rest_route=\/wp\/v2\/pages\/610\/revisions"}],"predecessor-version":[{"id":3971,"href":"https:\/\/trifolium.com.tr\/index.php?rest_route=\/wp\/v2\/pages\/610\/revisions\/3971"}],"wp:attachment":[{"href":"https:\/\/trifolium.com.tr\/index.php?rest_route=%2Fwp%2Fv2%2Fmedia&parent=610"}],"curies":[{"name":"wp","href":"https:\/\/api.w.org\/{rel}","templated":true}]}}