{"id":36,"date":"2015-12-10T16:31:37","date_gmt":"2015-12-10T16:31:37","guid":{"rendered":"https:\/\/gaviaspreview.com\/wp\/winnex\/?page_id=36"},"modified":"2026-01-26T14:00:50","modified_gmt":"2026-01-26T14:00:50","slug":"home-2","status":"publish","type":"page","link":"https:\/\/trifolium.com.tr\/","title":{"rendered":"Home 1"},"content":{"rendered":"<div class=\"wpb-content-wrapper\"><p>[vc_row fullwidth=&#8221;0&#8243; row_space=&#8221;remove_padding&#8221; isfullwidth=&#8221;0&#8243;][vc_column]\n\t\t\t\t<p class=\"rs-p-wp-fix\"><\/p>\n\t\t\t\t<sr7-module data-alias=\"slider-1\" data-id=\"1\" id=\"SR7_1_1\" class=\"rs-ov-hidden\" data-version=\"6.7.38\">\n\t\t\t\t\t<sr7-adjuster><\/sr7-adjuster>\n\t\t\t\t\t<sr7-content>\n\t\t\t\t\t\t<sr7-slide id=\"SR7_1_1-1\" data-key=\"1\">\n\t\t\t\t\t\t\t<sr7-bg id=\"SR7_1_1-1-5\" class=\"sr7-layer\"><noscript><img decoding=\"async\" src=\"https:\/\/trifolium.com.tr\/wp-content\/uploads\/2025\/11\/slide01.jpg\" alt=\"\" title=\"\"><\/noscript><\/sr7-bg>\n\t\t\t\t\t\t\t<sr7-txt id=\"SR7_1_1-1-0\" class=\"sr7-layer\">Low Melt Fiber<\/sr7-txt>\n\t\t\t\t\t\t\t<sr7-txt id=\"SR7_1_1-1-1\" class=\"sr7-layer\">D\u00fc\u015f\u00fck Is\u0131da Eriyen Elyaf<\/sr7-txt>\n\t\t\t\t\t\t\t<sr7-txt id=\"SR7_1_1-1-3\" class=\"sr7-layer\">Y\u00fcksek Is\u0131, Y\u00fcksek Ba\u011f <br> Otomotivde Yeni Nesil Elyaf Teknolojisi<\/sr7-txt>\n\t\t\t\t\t\t\t<sr7-txt id=\"SR7_1_1-1-4\" class=\"sr7-layer\">Yol Ne Kadar Zorluysa, Elyaf O Kadar Ak\u0131ll\u0131 Olmal\u0131!<br> <\/sr7-txt>\n\t\t\t\t\t\t<\/sr7-slide>\n\t\t\t\t\t\t<sr7-slide id=\"SR7_1_1-2\" data-key=\"2\">\n\t\t\t\t\t\t\t<sr7-bg id=\"SR7_1_1-2-7\" class=\"sr7-layer\"><noscript><img decoding=\"async\" src=\"https:\/\/trifolium.com.tr\/wp-content\/uploads\/2025\/11\/slide02.jpg\" alt=\"\" title=\"\"><\/noscript><\/sr7-bg>\n\t\t\t\t\t\t\t<sr7-txt id=\"SR7_1_1-2-3\" class=\"sr7-layer\">Low Melt Fiber <br> D\u00fc\u015f\u00fck Is\u0131da Eriyen Elyaf <br>110 \u00b0C<br>\nM\u00fckemmmel erime  ve da\u011f\u0131l\u0131m.<\/sr7-txt>\n\t\t\t\t\t\t\t<sr7-txt id=\"SR7_1_1-2-4\" class=\"sr7-layer\">Tutun, birle\u015fin, \u00fcretin: <br>D\u00fc\u015f\u00fck erime noktas\u0131nda y\u00fcksek performans<\/sr7-txt>\n\t\t\t\t\t\t\t<sr7-txt id=\"SR7_1_1-2-6\" class=\"sr7-layer\">Low melt Fiber<\/sr7-txt>\n\t\t\t\t\t\t<\/sr7-slide>\n\t\t\t\t\t\t<sr7-slide id=\"SR7_1_1-3\" data-key=\"3\">\n\t\t\t\t\t\t\t<sr7-bg id=\"SR7_1_1-3-7\" class=\"sr7-layer\"><noscript><img decoding=\"async\" src=\"https:\/\/trifolium.com.tr\/wp-content\/uploads\/2025\/11\/slide03.jpg\" alt=\"\" title=\"\"><\/noscript><\/sr7-bg>\n\t\t\t\t\t\t\t<sr7-txt id=\"SR7_1_1-3-3\" class=\"sr7-layer\">Hot Melt Fiber<br>Y\u00fcksek Is\u0131da Eriyen Elyaf<br>\n180 \u00b0C Melting Point<\/sr7-txt>\n\t\t\t\t\t\t\t<sr7-txt id=\"SR7_1_1-3-4\" class=\"sr7-layer\">180\u202f\u00b0C\u2019de g\u00fc\u00e7l\u00fc yap\u0131\u015fma <br>end\u00fcstriyel uygulamalar i\u00e7in y\u00fcksek performans.<\/sr7-txt>\n\t\t\t\t\t\t\t<sr7-txt id=\"SR7_1_1-3-6\" class=\"sr7-layer\">Hot Melt Fiber<\/sr7-txt>\n\t\t\t\t\t\t<\/sr7-slide>\n\t\t\t\t\t\t<sr7-slide id=\"SR7_1_1-5\" data-key=\"5\">\n\t\t\t\t\t\t\t<sr7-bg id=\"SR7_1_1-5-7\" class=\"sr7-layer\"><noscript><img decoding=\"async\" src=\"https:\/\/trifolium.com.tr\/wp-content\/uploads\/2025\/11\/hot-melt-yarn.jpg\" alt=\"\" title=\"\"><\/noscript><\/sr7-bg>\n\t\t\t\t\t\t\t<sr7-txt id=\"SR7_1_1-5-3\" class=\"sr7-layer\">Hot Melt Yarn<br>Y\u00fcksek Is\u0131da Eriyen \u0130plik<\/sr7-txt>\n\t\t\t\t\t\t\t<sr7-txt id=\"SR7_1_1-5-4\" class=\"sr7-layer\">End\u00fcstriyel laminasyon ve kompozit uygulamalar\u0131 i\u00e7in.<br> y\u00fcksek performansl\u0131 yap\u0131\u015fma sa\u011flayan \u00f6zel iplik<\/sr7-txt>\n\t\t\t\t\t\t\t<sr7-txt id=\"SR7_1_1-5-6\" class=\"sr7-layer\">Hot Melt Yarn<\/sr7-txt>\n\t\t\t\t\t\t<\/sr7-slide>\n\t\t\t\t\t\t<sr7-slide id=\"SR7_1_1-4\" data-key=\"4\">\n\t\t\t\t\t\t<\/sr7-slide>\n\t\t\t\t\t<\/sr7-content>\n\t\t\t\t\t<image_lists style=\"display:none\">\n\t\t\t\t\t\t<img data-src=\"\/\/trifolium.com.tr\/wp-content\/uploads\/2025\/11\/slide01.jpg\" data-libid=\"3843\" data-lib=\"medialibrary\" width=\"0\" height=\"0\" data-dbsrc=\"Ly90cmlmb2xpdW0uY29tLnRyL3dwLWNvbnRlbnQvdXBsb2Fkcy8yMDI1LzExL3NsaWRlMDEuanBn\"\/>\n\t\t\t\t\t\t<img data-src=\"\/\/trifolium.com.tr\/wp-content\/uploads\/2025\/11\/slide02.jpg\" data-libid=\"3844\" data-lib=\"medialibrary\" width=\"0\" height=\"0\" data-dbsrc=\"Ly90cmlmb2xpdW0uY29tLnRyL3dwLWNvbnRlbnQvdXBsb2Fkcy8yMDI1LzExL3NsaWRlMDIuanBn\"\/>\n\t\t\t\t\t\t<img data-src=\"\/\/trifolium.com.tr\/wp-content\/uploads\/2025\/11\/slide03.jpg\" data-libid=\"3845\" data-lib=\"medialibrary\" width=\"0\" height=\"0\" data-dbsrc=\"Ly90cmlmb2xpdW0uY29tLnRyL3dwLWNvbnRlbnQvdXBsb2Fkcy8yMDI1LzExL3NsaWRlMDMuanBn\"\/>\n\t\t\t\t\t\t<img data-src=\"\/\/trifolium.com.tr\/wp-content\/uploads\/2025\/11\/hot-melt-yarn.jpg\" data-libid=\"3846\" data-lib=\"medialibrary\" width=\"0\" height=\"0\" data-dbsrc=\"Ly90cmlmb2xpdW0uY29tLnRyL3dwLWNvbnRlbnQvdXBsb2Fkcy8yMDI1LzExL2hvdC1tZWx0LXlhcm4uanBn\"\/>\n\t\t\t\t\t<\/image_lists>\n\t\t\t\t<\/sr7-module>\n\t\t\t\t<script>\n\t\t\t\t\tSR7.PMH ??={}; SR7.PMH[\"SR7_1_1\"] = {cn:100,state:false,fn: function() { if (_tpt!==undefined && _tpt.prepareModuleHeight !== undefined) {  _tpt.prepareModuleHeight({id:\"SR7_1_1\",el:[700,700,700,500,500],type:'standard',shdw:'0',gh:[700,700,700,500,500],gw:[1170,1170,1170,778,778],vpt:['-200px&#039;,&#039;-200px&#039;,&#039;-200px&#039;,&#039;-200px&#039;,&#039;-200px'],size:{fullWidth:false, fullHeight:false},mh:'0',onh:0,onw:0,bg:{color:'{\"orig\":\"transparent\",\"type\":\"solid\",\"string\":\"transparent\"}'},plType:'0',plColor:'#FFFFFF'});   SR7.PMH[\"SR7_1_1\"].state=true;} else if(SR7.PMH[\"SR7_1_1\"].cn-->0)\tsetTimeout( SR7.PMH[\"SR7_1_1\"].fn,19);}};SR7.PMH[\"SR7_1_1\" ].fn();\n\t\t\t\t<\/script>\n[\/vc_column][\/vc_row][vc_row equal_height=&#8221;yes&#8221;][vc_column width=&#8221;2\/3&#8243; offset=&#8221;vc_col-lg-8 vc_col-md-8&#8243;][vc_row_inner][vc_column_inner width=&#8221;1\/2&#8243; offset=&#8221;vc_col-xs-6&#8243;][gva_icon_box title=&#8221;K\u00fcresel \u0130\u015f Ortakl\u0131\u011f\u0131&#8221; description=&#8221;Avrupa\u2019dan Asya\u2019ya, g\u00fcvenilir i\u015f birlikleriyle b\u00fcy\u00fcyor ve m\u00fc\u015fterilerimize en uygun \u00e7\u00f6z\u00fcm\u00fc sunuyoruz.&#8221; icon_position=&#8221;top-left&#8221; link=&#8221;#&#8221; icon_width=&#8221;fa-2x&#8221; margin_bottom=&#8221;margin-bottom-2&#8243; image=&#8221;3494&#8243;][\/vc_column_inner][vc_column_inner width=&#8221;1\/2&#8243; offset=&#8221;vc_col-xs-6&#8243;][gva_icon_box title=&#8221;Uzman Kadromuzla Hizmetinizdeyiz&#8221; description=&#8221;Elyaf sekt\u00f6r\u00fcnde deneyimli ekibimizle, t\u00fcm s\u00fcre\u00e7lerde size destek sunuyoruz.&#8221; icon_position=&#8221;top-left&#8221; link=&#8221;#&#8221; icon_width=&#8221;fa-2x&#8221; margin_bottom=&#8221;margin-bottom-2&#8243; image=&#8221;3495&#8243;][\/vc_column_inner][\/vc_row_inner][vc_row_inner][vc_column_inner width=&#8221;1\/2&#8243; offset=&#8221;vc_col-xs-6&#8243;][gva_icon_box title=&#8221;Teknik Bilgi ile Destekli \u00dcretim&#8221; description=&#8221;Elyaf ve iplik konusundaki teknik altyap\u0131m\u0131z, kaliteli \u00fcr\u00fcnlerin temelidir.&#8221; icon_position=&#8221;top-left&#8221; link=&#8221;#&#8221; icon_width=&#8221;fa-2x&#8221; image=&#8221;3496&#8243;][\/vc_column_inner][vc_column_inner width=&#8221;1\/2&#8243; offset=&#8221;vc_col-xs-6&#8243;][gva_icon_box title=&#8221;H\u0131zl\u0131 Destek, Y\u00fcksek Verim&#8221; description=&#8221;Depomuzdan ayn\u0131 g\u00fcn veya ertesi g\u00fcn teslimat imkan\u0131yla zaman kazand\u0131r\u0131yoruz.&#8221; icon_position=&#8221;top-left&#8221; link=&#8221;#&#8221; icon_width=&#8221;fa-2x&#8221; image=&#8221;3497&#8243;][\/vc_column_inner][\/vc_row_inner][\/vc_column][vc_column width=&#8221;1\/3&#8243; offset=&#8221;vc_col-lg-4 vc_col-md-4&#8243; el_class=&#8221;column-border&#8221;][gva_block_heading title=&#8221;Sizi Arayal\u0131m&#8221; style=&#8221;style-2&#8243; align=&#8221;align-left&#8221; desc=&#8221;Sorular\u0131n\u0131z\u0131 yan\u0131tlamak ve size en uygun \u00e7\u00f6z\u00fcm\u00fc sunmak i\u00e7in sizi arayal\u0131m. L\u00fctfen ileti\u015fim bilgilerinizi b\u0131rak\u0131n.&#8221;]\n<div class=\"wpcf7 no-js\" id=\"wpcf7-f3500-o1\" lang=\"en-US\" dir=\"ltr\" data-wpcf7-id=\"3500\">\n<div class=\"screen-reader-response\"><p role=\"status\" aria-live=\"polite\" aria-atomic=\"true\"><\/p> <ul><\/ul><\/div>\n<form action=\"\/index.php?rest_route=%2Fwp%2Fv2%2Fpages%2F36#wpcf7-f3500-o1\" method=\"post\" class=\"wpcf7-form init\" aria-label=\"Contact form\" novalidate=\"novalidate\" data-status=\"init\">\n<fieldset class=\"hidden-fields-container\"><input type=\"hidden\" name=\"_wpcf7\" value=\"3500\" \/><input type=\"hidden\" name=\"_wpcf7_version\" value=\"6.1.3\" \/><input type=\"hidden\" name=\"_wpcf7_locale\" value=\"en_US\" \/><input type=\"hidden\" name=\"_wpcf7_unit_tag\" value=\"wpcf7-f3500-o1\" \/><input type=\"hidden\" name=\"_wpcf7_container_post\" value=\"0\" \/><input type=\"hidden\" name=\"_wpcf7_posted_data_hash\" value=\"\" \/>\n<\/fieldset>\n<div class=\"request-call-back-form\">\n\t<div class=\"form-item\">\n\t\t<p><span class=\"wpcf7-form-control-wrap\" data-name=\"your-request\"><select class=\"wpcf7-form-control wpcf7-select\" aria-invalid=\"false\" name=\"your-request\"><option value=\"Size nas\u0131l yard\u0131mc\u0131 olabiliriz?\">Size nas\u0131l yard\u0131mc\u0131 olabiliriz?<\/option><option value=\"\u00dcr\u00fcnlerimiz hakk\u0131nda bilgi almak istiyorum\">\u00dcr\u00fcnlerimiz hakk\u0131nda bilgi almak istiyorum<\/option><option value=\"\u00dcr\u00fcn, Numuneler ve fiyat teklifi g\u00f6r\u00fc\u015fmek istiyorum\">\u00dcr\u00fcn, Numuneler ve fiyat teklifi g\u00f6r\u00fc\u015fmek istiyorum<\/option><option value=\"Lojistik ve teslimat s\u00fcreci hakk\u0131nda konu\u015fmak istiyorum\">Lojistik ve teslimat s\u00fcreci hakk\u0131nda konu\u015fmak istiyorum<\/option><\/select><\/span>\n\t\t<\/p>\n\t<\/div>\n\t<div class=\"form-item\">\n\t\t<p><span class=\"wpcf7-form-control-wrap\" data-name=\"your-name\"><input size=\"40\" maxlength=\"400\" class=\"wpcf7-form-control wpcf7-text wpcf7-validates-as-required\" aria-required=\"true\" aria-invalid=\"false\" placeholder=\"Ad\u0131n\u0131z *\" value=\"\" type=\"text\" name=\"your-name\" \/><\/span>\n\t\t<\/p>\n\t<\/div>\n\t<div class=\"form-item\">\n\t\t<p><span class=\"wpcf7-form-control-wrap\" data-name=\"your-phone\"><input size=\"40\" maxlength=\"400\" class=\"wpcf7-form-control wpcf7-tel wpcf7-validates-as-required wpcf7-text wpcf7-validates-as-tel\" aria-required=\"true\" aria-invalid=\"false\" placeholder=\"Telefon Numaran\u0131z*\" value=\"\" type=\"tel\" name=\"your-phone\" \/><\/span>\n\t\t<\/p>\n\t<\/div>\n\t<div class=\"form-item\">\n\t\t<p><span class=\"wpcf7-form-control-wrap\" data-name=\"your-email\"><input size=\"40\" maxlength=\"400\" class=\"wpcf7-form-control wpcf7-email wpcf7-validates-as-required wpcf7-text wpcf7-validates-as-email\" aria-required=\"true\" aria-invalid=\"false\" placeholder=\"E-posta Adresiniz*\" value=\"\" type=\"email\" name=\"your-email\" \/><\/span>\n\t\t<\/p>\n\t<\/div>\n\t<div class=\"form-item submit\">\n\t\t<p><input class=\"wpcf7-form-control wpcf7-submit has-spinner\" type=\"submit\" value=\"G\u00f6nder\" \/>\n\t\t<\/p>\n\t<\/div>\n<\/div><div class=\"wpcf7-response-output\" aria-hidden=\"true\"><\/div>\n<\/form>\n<\/div>\n[\/vc_column][\/vc_row][vc_row css=&#8221;.vc_custom_1539057673553{background-image: url(https:\/\/gaviaspreview.com\/wp\/winnex\/wp-contenthttps:\/\/trifolium.com.tr\/wp-content\/uploads\/2018\/10\/bg-1.jpg?id=3505) !important;}&#8221;][vc_column][vc_separator color=&#8221;green&#8221; style=&#8221;shadow&#8221; border_width=&#8221;2&#8243; css=&#8221;&#8221;][gva_block_heading title=&#8221;Neden Trifolium\u00ae&#8221; title_tags=&#8221;h1&#8243; desc=&#8221;G\u00fcvenilir \u00fcretim, s\u00fcrd\u00fcr\u00fclebilir \u00e7\u00f6z\u00fcmler.&#8221;][vc_row_inner][vc_column_inner width=&#8221;1\/4&#8243;]<div class=\"cq-ribbon-container \" style=\"max-width:;\" data-ribbonwidth=\"\" data-ribbontop=\"16px\" data-ribbonleft=\"10px\"  data-ribboncolor=\"\" data-containerbg=\"\" data-textcolor=\"\" data-textmargintop=\"\"><div style=\"background:#f04256;color:;\nbackground:#f04256;color:;top:10px;bottom:auto\" class=\"cq-ribbon3\">Sertifika<div class=\"arrow\" style=\"border-color:transparent #f04256\"><\/div><\/div><div class=\"cq-ribbon-content\"><a href=\"https:\/\/trifolium.com.tr\/wp-content\/uploads\/2025\/11\/grseoko.jpg\" class=\"ribbon-image\"><img decoding=\"async\" src=\"https:\/\/trifolium.com.tr\/wp-content\/uploads\/2025\/11\/grseoko.jpg\" alt=\"\" \/><\/a><p class=\"cq-ribbon-text\">GRS ve OEKO-TEX\u00ae Sertifikal\u0131 Elyaf \u00dcretimi.<\/p><\/div><\/div>[\/vc_column_inner][vc_column_inner width=&#8221;1\/4&#8243;]<div class=\"cq-ribbon-container \" style=\"max-width:;\" data-ribbonwidth=\"\" data-ribbontop=\"16px\" data-ribbonleft=\"10px\"  data-ribboncolor=\"\" data-containerbg=\"\" data-textcolor=\"\" data-textmargintop=\"\"><div style=\"background:#f04256;color:;\nbackground:#f04256;color:;top:10px;bottom:auto\" class=\"cq-ribbon3\">An\u0131nda Sevkiyat<div class=\"arrow\" style=\"border-color:transparent #f04256\"><\/div><\/div><div class=\"cq-ribbon-content\"><a href=\"https:\/\/trifolium.com.tr\/wp-content\/uploads\/2025\/11\/sevk1.jpg\" class=\"ribbon-image\"><img decoding=\"async\" src=\"https:\/\/trifolium.com.tr\/wp-content\/uploads\/2025\/11\/sevk1.jpg\" alt=\"\" \/><\/a><p class=\"cq-ribbon-text\">Millile\u015fmi\u015f, depodan ayn\u0131 g\u00fcn sevkiyat imkan\u0131.<\/p><\/div><\/div>[\/vc_column_inner][vc_column_inner width=&#8221;1\/4&#8243;]<div class=\"cq-ribbon-container \" style=\"max-width:;\" data-ribbonwidth=\"\" data-ribbontop=\"16px\" data-ribbonleft=\"10px\"  data-ribboncolor=\"\" data-containerbg=\"\" data-textcolor=\"\" data-textmargintop=\"\"><div style=\"background:#f04256;color:;\nbackground:#f04256;color:;top:10px;bottom:auto\" class=\"cq-ribbon3\">S\u00fcreklilik<div class=\"arrow\" style=\"border-color:transparent #f04256\"><\/div><\/div><div class=\"cq-ribbon-content\"><a href=\"https:\/\/trifolium.com.tr\/wp-content\/uploads\/2025\/11\/depodan.jpg\" class=\"ribbon-image\"><img decoding=\"async\" src=\"https:\/\/trifolium.com.tr\/wp-content\/uploads\/2025\/11\/depodan.jpg\" alt=\"\" \/><\/a><p class=\"cq-ribbon-text\">S\u00fcrd\u00fcr\u00fclebilir ve Yenilik\u00e7i Elyaf \u00c7\u00f6z\u00fcmleri<\/p><\/div><\/div>[\/vc_column_inner][vc_column_inner width=&#8221;1\/4&#8243;]<div class=\"cq-ribbon-container \" style=\"max-width:;\" data-ribbonwidth=\"\" data-ribbontop=\"16px\" data-ribbonleft=\"10px\"  data-ribboncolor=\"\" data-containerbg=\"\" data-textcolor=\"\" data-textmargintop=\"\"><div style=\"background:#f04256;color:;\nbackground:#f04256;color:;top:10px;bottom:auto\" class=\"cq-ribbon3\">Stoktan<div class=\"arrow\" style=\"border-color:transparent #f04256\"><\/div><\/div><div class=\"cq-ribbon-content\"><a href=\"https:\/\/trifolium.com.tr\/wp-content\/uploads\/2025\/11\/fibers.jpg\" class=\"ribbon-image\"><img decoding=\"async\" src=\"https:\/\/trifolium.com.tr\/wp-content\/uploads\/2025\/11\/fibers.jpg\" alt=\"\" \/><\/a><p class=\"cq-ribbon-text\">Uygun Fiyatl\u0131, S\u00fcrekli, Depo Teslim Stoklar<\/p><\/div><\/div>[\/vc_column_inner][\/vc_row_inner][vc_column_text css=&#8221;.vc_custom_1762703372362{margin-top: 70px !important;}&#8221; el_class=&#8221;text-center margin-bottom-0&#8243;]<\/p>\n<div class=\"clearfix text-medium text-black margin-top-30\">\n<p>\u0130\u015f ortaklar\u0131m\u0131z i\u00e7in g\u00fcven, h\u0131z ve kaliteyi bir araya getiriyoruz. Trifolium\u00ae<\/p>\n<p><a class=\"btn-theme\" href=\"https:\/\/trifolium.com.tr\/?page_id=610\">Bizimle \u0130leti\u015fime Ge\u00e7in<\/a><\/p>\n<\/div>\n<p>[\/vc_column_text][\/vc_column][\/vc_row][vc_row parallax=&#8221;content-moving&#8221; parallax_image=&#8221;3844&#8243; row_space=&#8221;padding-small&#8221;][vc_column][gva_call_to_action title=&#8221;Bug\u00fcn Sipari\u015f, Bug\u00fcn \u00c7\u00f6z\u00fcm.&#8221; button_align=&#8221;button-center&#8221; subtitle=&#8221;We are working hard to&#8221; width=&#8221;990px&#8221;]Yenilik\u00e7i \u00e7\u00f6z\u00fcmler, s\u00fcrd\u00fcr\u00fclebilir \u00fcretim anlay\u0131\u015f\u0131 ve g\u00fc\u00e7l\u00fc stok deste\u011fimizle sekt\u00f6r\u00fcn g\u00fcvenilir i\u015f orta\u011f\u0131y\u0131z.[\/gva_call_to_action][\/vc_column][\/vc_row][vc_row equal_height=&#8221;yes&#8221;][vc_column][vc_row_inner][vc_column_inner][gva_block_heading title=&#8221;End\u00fcstriler&#8221; desc=&#8221;Ev tekstilinden otomotive her kalitede ve alanday\u0131z!&#8221;][\/vc_column_inner][\/vc_row_inner][vc_row_inner][vc_column_inner width=&#8221;1\/3&#8243;][gva_icon_box title=&#8221;Is\u0131l Ba\u011fl\u0131 Nonwoven \u00dcreticileri&#8221; description=&#8221;Thermobond hatlar\u0131nda d\u00fczg\u00fcn y\u00fczey, y\u00fcksek mukavemet ve homojen ba\u011flama sa\u011flayan d\u00fc\u015f\u00fck erime s\u0131cakl\u0131kl\u0131 elyaf \u00e7\u00f6z\u00fcmleri.&#8221; icon_position=&#8221;left&#8221; link=&#8221;#&#8221; icon_width=&#8221;fa-3x&#8221; margin_bottom=&#8221;margin-bottom-2&#8243; image=&#8221;3666&#8243;][\/vc_column_inner][vc_column_inner width=&#8221;1\/3&#8243;][gva_icon_box title=&#8221;Ev Tekstili ve Dolgu&#8221; description=&#8221;Yorgan, yast\u0131k ve minder \u00fcretiminde y\u00fcksek kabar\u0131kl\u0131k sa\u011flayan, esnek ve formunu uzun s\u00fcre koruyan termal ba\u011flanabilir elyaflar.&#8221; icon_position=&#8221;left&#8221; link=&#8221;#&#8221; icon_width=&#8221;fa-2x&#8221; margin_bottom=&#8221;margin-bottom-2&#8243; image=&#8221;3667&#8243;][\/vc_column_inner][vc_column_inner width=&#8221;1\/3&#8243;][gva_icon_box title=&#8221;Otomotiv Sekt\u00f6r\u00fc&#8221; description=&#8221;Ara\u00e7 i\u00e7i yal\u0131t\u0131m ve dolgu katmanlar\u0131nda kullan\u0131lan, ses yal\u0131t\u0131m\u0131 sa\u011flayan, hafif ve geri d\u00f6n\u00fc\u015ft\u00fcr\u00fclebilir low melt elyaflar.&#8221; icon_position=&#8221;left&#8221; link=&#8221;#&#8221; icon_width=&#8221;fa-2x&#8221; image=&#8221;3668&#8243;][\/vc_column_inner][\/vc_row_inner][vc_row_inner][vc_column_inner width=&#8221;1\/3&#8243;][gva_icon_box title=&#8221;Ke\u00e7e ve Teknik Tekstiller&#8221; description=&#8221;Presleme sonras\u0131 formunu kaybetmeyen, dayan\u0131kl\u0131 ve homojen yap\u0131 sunan low melt elyaflar ke\u00e7e \u00fcreticileri i\u00e7in idealdir.&#8221; icon_position=&#8221;left&#8221; link=&#8221;#&#8221; icon_width=&#8221;fa-2x&#8221; margin_bottom=&#8221;&#8221; image=&#8221;3669&#8243;][\/vc_column_inner][vc_column_inner width=&#8221;1\/3&#8243;][gva_icon_box title=&#8221;Ambalaj ve Filtrasyon&#8221; description=&#8221;Filtre katmanlar\u0131 ve koruyucu ambalaj i\u00e7 dolgusuna uygun, elastikiyet ve sabitlik sunan termal ba\u011flanabilir elyaflar.&#8221; icon_position=&#8221;left&#8221; link=&#8221;#&#8221; icon_width=&#8221;fa-2x&#8221; margin_bottom=&#8221;&#8221; image=&#8221;3670&#8243;][\/vc_column_inner][vc_column_inner width=&#8221;1\/3&#8243;][gva_icon_box title=&#8221;S\u00fcrd\u00fcr\u00fclebilir Projeler&#8221; description=&#8221;GRS sertifikal\u0131, geri d\u00f6n\u00fc\u015ft\u00fcr\u00fclm\u00fc\u015f i\u00e7erikli low melt elyaflar ile \u00e7evre dostu \u00fcretim \u00e7\u00f6z\u00fcmleri sunuyoruz.&#8221; icon_position=&#8221;left&#8221; link=&#8221;#&#8221; icon_width=&#8221;fa-2x&#8221; margin_bottom=&#8221;&#8221; image=&#8221;3671&#8243;][\/vc_column_inner][\/vc_row_inner][\/vc_column][\/vc_row][vc_row][vc_column][gva_block_heading title=&#8221;\u0130zmir, Kemalpa\u015fa&#8217;dan Sevkiyat!&#8221; desc=&#8221;Ayn\u0131 g\u00fcn veya ertesi g\u00fcn!&#8221;][vc_row_inner][vc_column_inner width=&#8221;1\/3&#8243;][vc_single_image image=&#8221;3887&#8243; img_size=&#8221;full&#8221; style=&#8221;vc_box_rounded&#8221; css=&#8221;&#8221; title=&#8221;Beyaz Low Melt Elyaf&#8221;][\/vc_column_inner][vc_column_inner width=&#8221;1\/3&#8243;][vc_column_text css=&#8221;&#8221;]<\/p>\n<h2 style=\"text-align: center;\">4 Denye 51 mm.<\/h2>\n<h2 style=\"text-align: center;\">110&nbsp;C\u00b0 Erime Noktas\u0131<\/h2>\n<p>[\/vc_column_text][\/vc_column_inner][vc_column_inner width=&#8221;1\/3&#8243;][vc_single_image image=&#8221;3889&#8243; img_size=&#8221;full&#8221; style=&#8221;vc_box_rounded&#8221; css=&#8221;&#8221; title=&#8221;Siyah Low Melt Elyaf&#8221;][\/vc_column_inner][\/vc_row_inner][\/vc_column][\/vc_row][vc_row row_space=&#8221;remove_padding_top&#8221;][vc_column][vc_row_inner][vc_column_inner][gva_block_heading title=&#8221;Trifolium\u00ae: G\u00fcvenilir, H\u0131zl\u0131, S\u00fcrd\u00fcr\u00fclebilir Elyaf Tedariki&#8221; style=&#8221;style-3&#8243;][\/vc_column_inner][\/vc_row_inner][vc_row_inner css=&#8221;.vc_custom_1539141626394{padding-top: 30px !important;}&#8221;][vc_column_inner width=&#8221;1\/3&#8243;][gva_counter title=&#8221;Y\u0131l Tecr\u00fcbe&#8221; number=&#8221;10&#8243; icon_position=&#8221;number-top&#8221; symbol=&#8221;+&#8221;][\/vc_column_inner][vc_column_inner width=&#8221;1\/3&#8243;][gva_counter title=&#8221;M\u00fc\u015fteri  Memnuniyeti&#8221; number=&#8221;53&#8243; icon_position=&#8221;number-top&#8221; symbol=&#8221;+ \u00dclkede&#8221;][\/vc_column_inner][vc_column_inner width=&#8221;1\/3&#8243;][gva_counter title=&#8221;Satisfaction&#8221; icon_position=&#8221;number-top&#8221; symbol=&#8221;%&#8221;][\/vc_column_inner][\/vc_row_inner][\/vc_column][\/vc_row][vc_row parallax=&#8221;content-moving&#8221; parallax_image=&#8221;3845&#8243; row_space=&#8221;padding-small&#8221;][vc_column][gva_call_to_action title=&#8221;100% Virgin Low Melt Fiber&#8221; button_align=&#8221;button-center&#8221; subtitle=&#8221;We are working hard to&#8221; width=&#8221;990px&#8221; link=&#8221;#&#8221; text_link=&#8221;Bize Ula\u015f\u0131n info@trifolium.com.tr&#8221; quick_text=&#8221;+90 232 232 0 CLV (258)&#8221;]T\u00fcrkiye\u2019nin d\u00f6rt bir yan\u0131ndaki \u00fcreticiler, g\u00fcvenilir elyaf tedari\u011fi i\u00e7in Trifolium\u00ae ile \u00e7al\u0131\u015f\u0131yor. Kaliteli \u00fcr\u00fcn, h\u0131zl\u0131 teslimat ve g\u00fc\u00e7l\u00fc stok altyap\u0131m\u0131zla yan\u0131n\u0131zday\u0131z.[\/gva_call_to_action][\/vc_column][\/vc_row]<\/p>\n<\/div>","protected":false},"excerpt":{"rendered":"<p>[vc_row fullwidth=&#8221;0&#8243; row_space=&#8221;remove_padding&#8221; isfullwidth=&#8221;0&#8243;][vc_column][\/vc_column][\/vc_row][vc_row equal_height=&#8221;yes&#8221;][vc_column width=&#8221;2\/3&#8243; offset=&#8221;vc_col-lg-8 vc_col-md-8&#8243;][vc_row_inner][vc_column_inner width=&#8221;1\/2&#8243; offset=&#8221;vc_col-xs-6&#8243;][gva_icon_box title=&#8221;K\u00fcresel \u0130\u015f Ortakl\u0131\u011f\u0131&#8221; description=&#8221;Avrupa\u2019dan Asya\u2019ya, g\u00fcvenilir i\u015f birlikleriyle b\u00fcy\u00fcyor ve m\u00fc\u015fterilerimize en uygun \u00e7\u00f6z\u00fcm\u00fc sunuyoruz.&#8221; icon_position=&#8221;top-left&#8221; link=&#8221;#&#8221; icon_width=&#8221;fa-2x&#8221; margin_bottom=&#8221;margin-bottom-2&#8243; image=&#8221;3494&#8243;][\/vc_column_inner][vc_column_inner width=&#8221;1\/2&#8243; offset=&#8221;vc_col-xs-6&#8243;][gva_icon_box title=&#8221;Uzman Kadromuzla Hizmetinizdeyiz&#8221; description=&#8221;Elyaf sekt\u00f6r\u00fcnde deneyimli ekibimizle, t\u00fcm s\u00fcre\u00e7lerde size destek sunuyoruz.&#8221; icon_position=&#8221;top-left&#8221; link=&#8221;#&#8221; icon_width=&#8221;fa-2x&#8221; margin_bottom=&#8221;margin-bottom-2&#8243; image=&#8221;3495&#8243;][\/vc_column_inner][\/vc_row_inner][vc_row_inner][vc_column_inner width=&#8221;1\/2&#8243; offset=&#8221;vc_col-xs-6&#8243;][gva_icon_box title=&#8221;Teknik Bilgi ile Destekli [&hellip;]<\/p>\n","protected":false},"author":1,"featured_media":0,"parent":0,"menu_order":0,"comment_status":"closed","ping_status":"closed","template":"","meta":{"footnotes":""},"class_list":["post-36","page","type-page","status-publish","hentry"],"_links":{"self":[{"href":"https:\/\/trifolium.com.tr\/index.php?rest_route=\/wp\/v2\/pages\/36","targetHints":{"allow":["GET"]}}],"collection":[{"href":"https:\/\/trifolium.com.tr\/index.php?rest_route=\/wp\/v2\/pages"}],"about":[{"href":"https:\/\/trifolium.com.tr\/index.php?rest_route=\/wp\/v2\/types\/page"}],"author":[{"embeddable":true,"href":"https:\/\/trifolium.com.tr\/index.php?rest_route=\/wp\/v2\/users\/1"}],"replies":[{"embeddable":true,"href":"https:\/\/trifolium.com.tr\/index.php?rest_route=%2Fwp%2Fv2%2Fcomments&post=36"}],"version-history":[{"count":47,"href":"https:\/\/trifolium.com.tr\/index.php?rest_route=\/wp\/v2\/pages\/36\/revisions"}],"predecessor-version":[{"id":3970,"href":"https:\/\/trifolium.com.tr\/index.php?rest_route=\/wp\/v2\/pages\/36\/revisions\/3970"}],"wp:attachment":[{"href":"https:\/\/trifolium.com.tr\/index.php?rest_route=%2Fwp%2Fv2%2Fmedia&parent=36"}],"curies":[{"name":"wp","href":"https:\/\/api.w.org\/{rel}","templated":true}]}}