{"id":2495,"date":"2017-06-20T02:40:42","date_gmt":"2017-06-20T02:40:42","guid":{"rendered":"https:\/\/gaviaspreview.com\/wp\/winnex\/?page_id=2495"},"modified":"2025-11-11T20:36:05","modified_gmt":"2025-11-11T20:36:05","slug":"urunlerimiz","status":"publish","type":"page","link":"https:\/\/trifolium.com.tr\/?page_id=2495","title":{"rendered":"\u00dcr\u00fcnlerimiz"},"content":{"rendered":"<div class=\"wpb-content-wrapper\"><p>[vc_row row_space=&#8221;padding-medium&#8221;][vc_column][vc_column_text css=&#8221;&#8221;]<\/p>\n<div class=\"rotate-text\">\n<div class=\"primary-text text-black\">S\u00fcrd\u00fcr\u00fclebilir Elyaf \u00c7\u00f6z\u00fcmleri.<\/div>\n<div class=\"second-text text-black\">Yenilik\u00e7i \u00fcr\u00fcn portf\u00f6y\u00fcm\u00fczle, nonwoven ve tekstil \u00fcreticilerinin ihtiya\u00e7 duydu\u011fu teknik elyaflar\u0131 g\u00fcvenilir \u015fekilde sa\u011fl\u0131yoruz.<\/div>\n<div>Low Melt Elyaf, Hot Melt Elyaf ve Low Melt \u0130plik gibi \u00f6zel \u00fcr\u00fcn gruplar\u0131m\u0131zla; yatak, yorgan, otomotiv ve filtrasyon sekt\u00f6rlerine y\u00f6nelik g\u00fc\u00e7l\u00fc \u00e7\u00f6z\u00fcmler sunuyoruz.<\/div>\n<\/div>\n<p>[\/vc_column_text][vc_row_inner][vc_column_inner width=&#8221;1\/3&#8243;][vc_column_text css=&#8221;&#8221;]<\/p>\n<h2 style=\"text-align: center;\">Low Melt Fiber<\/h2>\n<h2 style=\"text-align: center;\">D\u00fc\u015f\u00fck Is\u0131da Eriyen Elyaf<\/h2>\n<h2 style=\"text-align: center;\">110 C\u00b0 Erime Noktas\u0131<\/h2>\n<h2 style=\"text-align: center;\">4 denye 51 mm.<\/h2>\n<p>[\/vc_column_text][\/vc_column_inner][vc_column_inner width=&#8221;1\/3&#8243;][vc_column_text css=&#8221;&#8221;]<\/p>\n<h2 style=\"text-align: center;\">Hot Melt Fiber<\/h2>\n<h2 style=\"text-align: center;\">Y\u00fcksek Is\u0131da Eriyen Elyaf<\/h2>\n<h2 style=\"text-align: center;\">180 C\u00b0 Erime Noktas\u0131<\/h2>\n<h2 style=\"text-align: center;\">4 denye 51 mm.<\/h2>\n<p>[\/vc_column_text][\/vc_column_inner][vc_column_inner width=&#8221;1\/3&#8243;][vc_column_text css=&#8221;&#8221;]<\/p>\n<h2 style=\"text-align: center;\">Hot Melt Yarn<\/h2>\n<h2 style=\"text-align: center;\">Y\u00fcksek Is\u0131da Eriyen \u0130plik<\/h2>\n<p>[\/vc_column_text][\/vc_column_inner][\/vc_row_inner][\/vc_column][\/vc_row][vc_row css=&#8221;.vc_custom_1532319356025{background-color: #f5f5f5 !important;}&#8221;][vc_column][vc_row_inner][vc_column_inner][gva_block_heading title=&#8221;Uygulamalar ve \u00c7\u00f6z\u00fcmler&#8221; desc=&#8221;Build Strategies, Build Confidence, Build Your Business.&#8221;][\/vc_column_inner][\/vc_row_inner][vc_row_inner][vc_column_inner width=&#8221;1\/3&#8243;][gva_service_box items=&#8221;%5B%7B%22title%22%3A%22Thermobond%2C%20kimyasal%20ba%C4%9Flama%20ve%20i%C4%9Fneleme%20proseslerine%20uygun%20elyaflarla%20%C3%A7al%C4%B1%C5%9F%C4%B1yoruz.%20Depomuzdan%20h%C4%B1zl%C4%B1%20%C3%A7%C4%B1k%C4%B1%C5%9F%20sa%C4%9Fl%C4%B1yoruz.%22%7D%5D&#8221; title=&#8221;Nonwoven \u00dcreticileri&#8221; icon=&#8221;gv-icon-1022&#8243;][\/vc_column_inner][vc_column_inner width=&#8221;1\/3&#8243;][gva_service_box items=&#8221;%5B%7B%22title%22%3A%22End%C3%BCstriyel%20filtre%20%C3%BCreticileri%20i%C3%A7in%20uygun%20%C3%B6zelliklerde%20elyaf%20tedarik%20ediyoruz.%20%C4%B0stikrarl%C4%B1%20kalite%20ve%20s%C3%BCreklilik%20bizim%20i%C5%9Fimizdir.%22%7D%5D&#8221; title=&#8221;Filtrasyon Uygulamalar\u0131&#8221; icon=&#8221;gv-icon-1090&#8243;][\/vc_column_inner][vc_column_inner width=&#8221;1\/3&#8243;][gva_service_box items=&#8221;%5B%7B%22title%22%3A%22Ke%C3%A7e%2C%20d%C3%B6%C5%9Feme%20ve%20yal%C4%B1t%C4%B1m%20alanlar%C4%B1nda%20kullan%C4%B1lan%20elyaflar%C4%B1m%C4%B1zla%20otomotiv%20sekt%C3%B6r%C3%BCne%20teknik%20%C3%A7%C3%B6z%C3%BCmler%20sunuyoruz.%22%7D%5D&#8221; title=&#8221;Otomotiv Tekstili&#8221; icon=&#8221;gv-icon-1033&#8243;][\/vc_column_inner][\/vc_row_inner][vc_row_inner][vc_column_inner width=&#8221;1\/3&#8243;][gva_service_box items=&#8221;%5B%7B%22title%22%3A%22Hot%20melt%20ve%20low%20melt%20elyaflar%C4%B1m%C4%B1z%2C%20termobond%20ve%20laminasyon%20prosesleri%20i%C3%A7in%20optimize%20edilmi%C5%9Ftir.%20Teknik%20dan%C4%B1%C5%9Fmanl%C4%B1k%20deste%C4%9Fiyle%20birlikte%20sunulur.%22%7D%5D&#8221; title=&#8221;Is\u0131ya Duyarl\u0131 Elyaf&#8221; icon=&#8221;gv-icon-1151&#8243;][\/vc_column_inner][vc_column_inner width=&#8221;1\/3&#8243;][gva_service_box items=&#8221;%5B%7B%22title%22%3A%22Yumu%C5%9Fakl%C4%B1k%2C%20hacim%20ve%20konfor%20i%C3%A7in%20ideal%20d%C3%BC%C5%9F%C3%BCk%20%C4%B1s%C4%B1da%20eriyen%20elyaf%20%C3%A7%C3%B6z%C3%BCmleri%20sunuyoruz.%20Yerli%20stoktan%20h%C4%B1zl%C4%B1%20ve%20g%C3%BCvenli%20sevkiyat%20sa%C4%9Fl%C4%B1yoruz.%22%7D%5D&#8221; title=&#8221;Hal\u0131 Alt\u0131&#8221; icon=&#8221;gv-icon-1061&#8243;][\/vc_column_inner][vc_column_inner width=&#8221;1\/3&#8243;][gva_service_box items=&#8221;%5B%7B%22title%22%3A%22Low%20melt%20iplik%20%C3%A7e%C5%9Fitlerimiz%2C%20lamine%20kuma%C5%9Flar%20ve%20teknik%20tekstillerde%20g%C3%BCvenle%20kullan%C4%B1l%C4%B1r.%20%C3%9Cretici%20ihtiya%C3%A7lar%C4%B1na%20%C3%B6zel%20stoklar%20tutuyoruz.%22%7D%5D&#8221; title=&#8221;D\u00fc\u015f\u00fck Is\u0131da Eriyen \u0130plik&#8221; icon=&#8221;gv-icon-942&#8243;][\/vc_column_inner][\/vc_row_inner][\/vc_column][\/vc_row][vc_row isfullwidth=&#8221;&#8221; css=&#8221;.vc_custom_1497926633097{background-color: #f5f5f5 !important;}&#8221;][vc_column][vc_row_inner css=&#8221;.vc_custom_1497925147700{padding-bottom: 20px !important;}&#8221;][vc_column_inner][gva_block_heading title=&#8221;\u0130\u015f Ortaklar\u0131m\u0131z i\u00e7in \u00c7\u00f6z\u00fcmler&#8221; desc=&#8221;\u00c7ok y\u00f6nl\u00fc \u00fcretim.&#8221;][\/vc_column_inner][\/vc_row_inner][vc_row_inner][vc_column_inner width=&#8221;1\/3&#8243;][gva_icon_box title=&#8221;Sizin Deponuzuz&#8221; icon=&#8221;fa fa-industry&#8221; description=&#8221;T\u00fcrkiye\u2019deki stoklar\u0131m\u0131zdan 1 balya veya 1 t\u0131r baz\u0131nda esnek sevkiyat imk\u00e2n\u0131 sunuyoruz. T\u00fcm m\u00fc\u015fterilerimize \u00fcreticiyle ayn\u0131 h\u0131zda \u00e7\u00f6z\u00fcm sa\u011fl\u0131yoruz.&#8221; icon_position=&#8221;left&#8221; background_box=&#8221;#fff&#8221; link=&#8221;#&#8221; icon_width=&#8221;fa-2x&#8221;][\/vc_column_inner][vc_column_inner width=&#8221;1\/3&#8243;][gva_icon_box title=&#8221;H\u0131zl\u0131 Teslimat Garantisi&#8221; icon=&#8221;fa fa-truck&#8221; description=&#8221;Sipari\u015fleriniz, stok durumuna g\u00f6re ayn\u0131 g\u00fcn veya ertesi g\u00fcn sevk edilir. T\u00fcrkiye genelinde d\u00fczenli, g\u00fcvenilir ve takip edilebilir teslimatlar yap\u0131yoruz.&#8221; icon_position=&#8221;left&#8221; background_box=&#8221;#fff&#8221; link=&#8221;#&#8221; icon_width=&#8221;fa-2x&#8221;][\/vc_column_inner][vc_column_inner width=&#8221;1\/3&#8243;][gva_icon_box title=&#8221;%100 Virgin&#8221; icon=&#8221;fa fa-check-circle-o&#8221; description=&#8221;Partner fabrikam\u0131z, y\u00fcksek kalite standartlar\u0131nda farkl\u0131 karakteristikte low melt ve hot melt elyaf \u00fcretimi ger\u00e7ekle\u015ftirmektedir.&#8221; icon_position=&#8221;left&#8221; background_box=&#8221;#fff&#8221; link=&#8221;#&#8221; icon_width=&#8221;fa-2x&#8221;][\/vc_column_inner][\/vc_row_inner][vc_row_inner][vc_column_inner width=&#8221;1\/3&#8243;][gva_icon_box title=&#8221;Uluslararas\u0131 Sertifikalar&#8221; icon=&#8221;fa fa-globe&#8221; description=&#8221;\u00dcr\u00fcnlerimiz OEKO\u2011TEX\u00ae STANDARD 100, GRS, ISO belgelerine sahiptir ve bir\u00e7ok end\u00fcstrinin kalite gerekliliklerini kar\u015f\u0131lar.&#8221; icon_position=&#8221;left&#8221; background_box=&#8221;#fff&#8221; link=&#8221;#&#8221; icon_width=&#8221;fa-2x&#8221;][\/vc_column_inner][vc_column_inner width=&#8221;1\/3&#8243;][gva_icon_box title=&#8221;Teknik Destek ve Uygulama Bilgisi&#8221; icon=&#8221;fa fa-handshake-o&#8221; description=&#8221;\u00dcretim s\u00fcre\u00e7lerinize uygun elyaf tipi, denye ve kesim uzunlu\u011fu se\u00e7imi konusunda teknik dan\u0131\u015fmanl\u0131k deste\u011fi sunuyoruz.&#8221; icon_position=&#8221;left&#8221; background_box=&#8221;#fff&#8221; link=&#8221;#&#8221; icon_width=&#8221;fa-2x&#8221;][\/vc_column_inner][vc_column_inner width=&#8221;1\/3&#8243;][gva_icon_box title=&#8221;G\u00fcvenilir Ortakl\u0131k&#8221; icon=&#8221;fa fa-thumbs-up&#8221; description=&#8221;Trifolium\u00ae, \u00c7in\u2019deki \u00fcretim g\u00fcc\u00fcn\u00fc yerel depo ve da\u011f\u0131t\u0131m a\u011f\u0131yla birle\u015ftirerek s\u00fcrd\u00fcr\u00fclebilir, uzun vadeli i\u015f ortakl\u0131klar\u0131 kurar.&#8221; icon_position=&#8221;left&#8221; background_box=&#8221;#fff&#8221; link=&#8221;#&#8221; icon_width=&#8221;fa-2x&#8221;][\/vc_column_inner][\/vc_row_inner][\/vc_column][\/vc_row]<\/p>\n<\/div>","protected":false},"excerpt":{"rendered":"<p>[vc_row row_space=&#8221;padding-medium&#8221;][vc_column][vc_column_text css=&#8221;&#8221;] S\u00fcrd\u00fcr\u00fclebilir Elyaf \u00c7\u00f6z\u00fcmleri. Yenilik\u00e7i \u00fcr\u00fcn portf\u00f6y\u00fcm\u00fczle, nonwoven ve tekstil \u00fcreticilerinin ihtiya\u00e7 duydu\u011fu teknik elyaflar\u0131 g\u00fcvenilir \u015fekilde sa\u011fl\u0131yoruz. Low Melt Elyaf, Hot Melt Elyaf ve Low Melt \u0130plik gibi \u00f6zel \u00fcr\u00fcn gruplar\u0131m\u0131zla; yatak, yorgan, otomotiv ve filtrasyon sekt\u00f6rlerine y\u00f6nelik g\u00fc\u00e7l\u00fc \u00e7\u00f6z\u00fcmler sunuyoruz. [\/vc_column_text][vc_row_inner][vc_column_inner width=&#8221;1\/3&#8243;][vc_column_text css=&#8221;&#8221;] Low Melt Fiber D\u00fc\u015f\u00fck Is\u0131da Eriyen Elyaf 110 [&hellip;]<\/p>\n","protected":false},"author":1,"featured_media":0,"parent":0,"menu_order":0,"comment_status":"closed","ping_status":"closed","template":"","meta":{"footnotes":""},"class_list":["post-2495","page","type-page","status-publish","hentry"],"_links":{"self":[{"href":"https:\/\/trifolium.com.tr\/index.php?rest_route=\/wp\/v2\/pages\/2495","targetHints":{"allow":["GET"]}}],"collection":[{"href":"https:\/\/trifolium.com.tr\/index.php?rest_route=\/wp\/v2\/pages"}],"about":[{"href":"https:\/\/trifolium.com.tr\/index.php?rest_route=\/wp\/v2\/types\/page"}],"author":[{"embeddable":true,"href":"https:\/\/trifolium.com.tr\/index.php?rest_route=\/wp\/v2\/users\/1"}],"replies":[{"embeddable":true,"href":"https:\/\/trifolium.com.tr\/index.php?rest_route=%2Fwp%2Fv2%2Fcomments&post=2495"}],"version-history":[{"count":22,"href":"https:\/\/trifolium.com.tr\/index.php?rest_route=\/wp\/v2\/pages\/2495\/revisions"}],"predecessor-version":[{"id":3936,"href":"https:\/\/trifolium.com.tr\/index.php?rest_route=\/wp\/v2\/pages\/2495\/revisions\/3936"}],"wp:attachment":[{"href":"https:\/\/trifolium.com.tr\/index.php?rest_route=%2Fwp%2Fv2%2Fmedia&parent=2495"}],"curies":[{"name":"wp","href":"https:\/\/api.w.org\/{rel}","templated":true}]}}